{"id":7802,"date":"2023-07-31T15:13:17","date_gmt":"2023-07-31T13:13:17","guid":{"rendered":"https:\/\/catena-x.academy\/faq\/"},"modified":"2025-06-12T09:11:40","modified_gmt":"2025-06-12T07:11:40","slug":"faq","status":"publish","type":"page","link":"https:\/\/catena-x.academy\/de\/faq\/","title":{"rendered":"FAQ"},"content":{"rendered":"\t\t<div data-elementor-type=\"wp-page\" data-elementor-id=\"7802\" class=\"elementor elementor-7802 elementor-6324\" data-elementor-post-type=\"page\">\n\t\t\t\t\t\t<section data-particle_enable=\"false\" data-particle-mobile-disabled=\"false\" class=\"elementor-section elementor-top-section elementor-element elementor-element-55b4ec9 elementor-section-boxed elementor-section-height-default elementor-section-height-default\" data-id=\"55b4ec9\" data-element_type=\"section\">\n\t\t\t\t\t\t<div class=\"elementor-container elementor-column-gap-default\">\n\t\t\t\t\t<div class=\"elementor-column elementor-col-100 elementor-top-column elementor-element elementor-element-8fbc6e6\" data-id=\"8fbc6e6\" data-element_type=\"column\">\n\t\t\t<div class=\"elementor-widget-wrap elementor-element-populated\">\n\t\t\t\t\t\t<div class=\"elementor-element elementor-element-92dd4c0 elementor-widget elementor-widget-heading\" data-id=\"92dd4c0\" data-element_type=\"widget\" data-widget_type=\"heading.default\">\n\t\t\t\t<div class=\"elementor-widget-container\">\n\t\t\t\t\t<h2 class=\"elementor-heading-title elementor-size-default\">FAQ<\/h2>\t\t\t\t<\/div>\n\t\t\t\t<\/div>\n\t\t\t\t\t<\/div>\n\t\t<\/div>\n\t\t\t\t\t<\/div>\n\t\t<\/section>\n\t\t\t\t<section data-particle_enable=\"false\" data-particle-mobile-disabled=\"false\" class=\"elementor-section elementor-top-section elementor-element elementor-element-b9b0479 elementor-section-boxed elementor-section-height-default elementor-section-height-default\" data-id=\"b9b0479\" data-element_type=\"section\">\n\t\t\t\t\t\t<div class=\"elementor-container elementor-column-gap-default\">\n\t\t\t\t\t<div class=\"elementor-column elementor-col-100 elementor-top-column elementor-element elementor-element-30d07f4\" data-id=\"30d07f4\" data-element_type=\"column\">\n\t\t\t<div class=\"elementor-widget-wrap elementor-element-populated\">\n\t\t\t\t\t\t<div class=\"elementor-element elementor-element-c0054b4 elementor-widget elementor-widget-eael-adv-accordion\" data-id=\"c0054b4\" data-element_type=\"widget\" data-widget_type=\"eael-adv-accordion.default\">\n\t\t\t\t<div class=\"elementor-widget-container\">\n\t\t\t\t\t        <div class=\"eael-adv-accordion\" id=\"eael-adv-accordion-c0054b4\" data-scroll-on-click=\"no\" data-scroll-speed=\"300\" data-accordion-id=\"c0054b4\" data-accordion-type=\"accordion\" data-toogle-speed=\"300\">\n    <div class=\"eael-accordion-list\">\n                <div id=\"welche-technische-ausstattung-bentige-ich-fr-die-durchfhrung-der-kurse\" class=\"elementor-tab-title eael-accordion-header\" tabindex=\"0\" data-tab=\"1\" aria-controls=\"elementor-tab-content-2011\"><span class=\"eael-advanced-accordion-icon-closed\"><i aria-hidden=\"true\" class=\"fa-accordion-icon fas fa-plus\"><\/i><\/span><span class=\"eael-advanced-accordion-icon-opened\"><i aria-hidden=\"true\" class=\"fa-accordion-icon fas fa-minus\"><\/i><\/span><span class=\"eael-accordion-tab-title\">Welche technische Ausstattung ben\u00f6tige ich f\u00fcr die Durchf\u00fchrung der Kurse?<\/span><\/div><div id=\"elementor-tab-content-2011\" class=\"eael-accordion-content clearfix\" data-tab=\"1\" aria-labelledby=\"welche-technische-ausstattung-bentige-ich-fr-die-durchfhrung-der-kurse\"><p>Um die Kurse zu absolvieren, ben\u00f6tigen Sie eine Internetverbindung. F\u00fcr den Kurs \u201ePCF Basis Training\u201c ben\u00f6tigen Sie au\u00dferdem Lautsprecher oder Kopfh\u00f6rer.<\/p>\n<\/div>\n                <\/div><div class=\"eael-accordion-list\">\n                <div id=\"welche-schritte-muss-ich-befolgen-um-an-den-kursen-teilzunehmen\" class=\"elementor-tab-title eael-accordion-header\" tabindex=\"0\" data-tab=\"2\" aria-controls=\"elementor-tab-content-2012\"><span class=\"eael-advanced-accordion-icon-closed\"><i aria-hidden=\"true\" class=\"fa-accordion-icon fas fa-plus\"><\/i><\/span><span class=\"eael-advanced-accordion-icon-opened\"><i aria-hidden=\"true\" class=\"fa-accordion-icon fas fa-minus\"><\/i><\/span><span class=\"eael-accordion-tab-title\">Welche Schritte muss ich befolgen, um an den Kursen teilzunehmen?<\/span><\/div><div id=\"elementor-tab-content-2012\" class=\"eael-accordion-content clearfix\" data-tab=\"2\" aria-labelledby=\"welche-schritte-muss-ich-befolgen-um-an-den-kursen-teilzunehmen\"><ol>\n<li>Klicken Sie im Men\u00fc auf &#8220;Anwenderkurse&#8221;. Hinweis: Es wird eine \u00dcbersicht aller verf\u00fcgbaren Kurse angezeigt.<\/li>\n<li>W\u00e4hlen Sie Ihren gew\u00fcnschten Kurs aus und starten Sie den Kurs mit einem Mausklick.<\/li>\n<li>Am Ende des Kurses klicken Sie bitte auf die Schaltfl\u00e4che \u201eAls vollst\u00e4ndig markieren\u201c.<\/li>\n<li>Um den n\u00e4chsten Kurs zu absolvieren, klicken Sie auf die Schaltfl\u00e4che \u201eZur\u00fcck zur Kurs\u00fcbersicht\u201c.<\/li>\n<\/ol>\n<ul>\n<li><strong>Hinweis<\/strong>: Einige Kurse m\u00fcssen mit einem Quiz abgeschlossen werden. Um das Quiz zu bestehen, m\u00fcssen Sie mindestens 80 % der Fragen richtig beantworten.<\/li>\n<\/ul>\n<\/div>\n                <\/div><div class=\"eael-accordion-list\">\n                <div id=\"mssen-die-kurse-in-einem-zug-bearbeitet-werden\" class=\"elementor-tab-title eael-accordion-header\" tabindex=\"0\" data-tab=\"3\" aria-controls=\"elementor-tab-content-2013\"><span class=\"eael-advanced-accordion-icon-closed\"><i aria-hidden=\"true\" class=\"fa-accordion-icon fas fa-plus\"><\/i><\/span><span class=\"eael-advanced-accordion-icon-opened\"><i aria-hidden=\"true\" class=\"fa-accordion-icon fas fa-minus\"><\/i><\/span><span class=\"eael-accordion-tab-title\">M\u00fcssen die Kurse in einem Zug bearbeitet werden?<\/span><\/div><div id=\"elementor-tab-content-2013\" class=\"eael-accordion-content clearfix\" data-tab=\"3\" aria-labelledby=\"mssen-die-kurse-in-einem-zug-bearbeitet-werden\"><p>Nein. Unsere Kurse sind in einzelne Lektionen unterteilt. Sie k\u00f6nnen nach jeder Lektion eine Pause einlegen und zu einem anderen Zeitpunkt fortfahren. Ihr Bearbeitungsstatus wird automatisch gespeichert.<\/p>\n<\/div>\n                <\/div><div class=\"eael-accordion-list\">\n                <div id=\"wie-kann-ich-den-bibliothekar-nutzen-um-dokumente-zu-finden\" class=\"elementor-tab-title eael-accordion-header\" tabindex=\"0\" data-tab=\"4\" aria-controls=\"elementor-tab-content-2014\"><span class=\"eael-advanced-accordion-icon-closed\"><i aria-hidden=\"true\" class=\"fa-accordion-icon fas fa-plus\"><\/i><\/span><span class=\"eael-advanced-accordion-icon-opened\"><i aria-hidden=\"true\" class=\"fa-accordion-icon fas fa-minus\"><\/i><\/span><span class=\"eael-accordion-tab-title\">Wie kann ich den Bibliothekar nutzen, um Dokumente zu finden?<\/span><\/div><div id=\"elementor-tab-content-2014\" class=\"eael-accordion-content clearfix\" data-tab=\"4\" aria-labelledby=\"wie-kann-ich-den-bibliothekar-nutzen-um-dokumente-zu-finden\"><div class=\"elementor-element elementor-element-612480d elementor-widget elementor-widget-text-editor\" data-id=\"612480d\" data-element_type=\"widget\" data-widget_type=\"text-editor.default\">\n<div class=\"elementor-widget-container\">\n<p>Der Bibliothekar hilft Ihnen, die Online-Bibliothek zu entdecken. Mit seiner Suchfunktion k\u00f6nnen Sie schnell spezifische Unterlagen finden.  Suchen Sie nach:<\/p>\n<ul>\n<li><span class=\"elementor-icon-list-text\">Schlagw\u00f6rtern (z.B. EDC, Digital Twin, Onboarding, Verein)<\/span><\/li>\n<li><span class=\"elementor-icon-list-text\">Anwendergruppen (z.B. Anwender, Entwickler, App Provider, Berater)<\/span><\/li>\n<li><span class=\"elementor-icon-list-text\">Anwendungsf\u00e4llen (z.B. CO2, Kreislaufwirtschaft, Qualit\u00e4t, R\u00fcckverfolgbarkeit)<\/span><\/li>\n<\/ul>\n<\/div>\n<\/div>\n<div class=\"elementor-element elementor-element-ffa4c3d elementor-icon-list--layout-traditional elementor-list-item-link-full_width elementor-widget elementor-widget-icon-list\" data-id=\"ffa4c3d\" data-element_type=\"widget\" data-widget_type=\"icon-list.default\">\n<div class=\"elementor-widget-container\"> <\/div>\n<\/div>\n<\/div>\n                <\/div><div class=\"eael-accordion-list\">\n                <div id=\"wie-kann-ich-persnliche-untersttzung-erhalten\" class=\"elementor-tab-title eael-accordion-header\" tabindex=\"0\" data-tab=\"5\" aria-controls=\"elementor-tab-content-2015\"><span class=\"eael-advanced-accordion-icon-closed\"><i aria-hidden=\"true\" class=\"fa-accordion-icon fas fa-plus\"><\/i><\/span><span class=\"eael-advanced-accordion-icon-opened\"><i aria-hidden=\"true\" class=\"fa-accordion-icon fas fa-minus\"><\/i><\/span><span class=\"eael-accordion-tab-title\">Wie kann ich pers\u00f6nliche Unterst\u00fctzung erhalten?<\/span><\/div><div id=\"elementor-tab-content-2015\" class=\"eael-accordion-content clearfix\" data-tab=\"5\" aria-labelledby=\"wie-kann-ich-persnliche-untersttzung-erhalten\"><p>Sie k\u00f6nnen sich jederzeit an uns wenden, um pers\u00f6nliche Unterst\u00fctzung zu erhalten. Wir helfen Ihnen gerne weiter.<\/p><p>Per E-Mail an: <a href=\"mailto:academy@invenio.net\">academy@invenio.net<\/a><br \/>Per Telefon unter: +49 (6142) 899-283<\/p><\/div>\n                <\/div><\/div>\t\t\t\t<\/div>\n\t\t\t\t<\/div>\n\t\t\t\t\t<\/div>\n\t\t<\/div>\n\t\t\t\t\t<\/div>\n\t\t<\/section>\n\t\t\t\t<\/div>\n\t\t","protected":false},"excerpt":{"rendered":"<p>FAQ Welche technische Ausstattung ben\u00f6tige ich f\u00fcr die Durchf\u00fchrung der Kurse? Um die Kurse zu absolvieren, ben\u00f6tigen Sie eine Internetverbindung. F\u00fcr den Kurs \u201ePCF Basis Training\u201c ben\u00f6tigen Sie au\u00dferdem Lautsprecher oder Kopfh\u00f6rer. Welche Schritte muss ich befolgen, um an den Kursen teilzunehmen? Klicken Sie im Men\u00fc auf &#8220;Anwenderkurse&#8221;. Hinweis: Es wird eine \u00dcbersicht aller verf\u00fcgbaren [&hellip;]<\/p>\n","protected":false},"author":1,"featured_media":0,"parent":0,"menu_order":0,"comment_status":"closed","ping_status":"closed","template":"","meta":{"footnotes":""},"class_list":["post-7802","page","type-page","status-publish","hentry"],"yoast_head":"<!-- This site is optimized with the Yoast SEO plugin v26.5 - https:\/\/yoast.com\/wordpress\/plugins\/seo\/ -->\n<title>FAQ - Catena-X Academy<\/title>\n<meta name=\"robots\" content=\"index, follow, max-snippet:-1, max-image-preview:large, max-video-preview:-1\" \/>\n<link rel=\"canonical\" href=\"https:\/\/catena-x.academy\/de\/faq\/\" \/>\n<meta property=\"og:locale\" content=\"de_DE\" \/>\n<meta property=\"og:type\" content=\"article\" \/>\n<meta property=\"og:title\" content=\"FAQ - Catena-X Academy\" \/>\n<meta property=\"og:description\" content=\"FAQ Welche technische Ausstattung ben\u00f6tige ich f\u00fcr die Durchf\u00fchrung der Kurse? Um die Kurse zu absolvieren, ben\u00f6tigen Sie eine Internetverbindung. F\u00fcr den Kurs \u201ePCF Basis Training\u201c ben\u00f6tigen Sie au\u00dferdem Lautsprecher oder Kopfh\u00f6rer. Welche Schritte muss ich befolgen, um an den Kursen teilzunehmen? Klicken Sie im Men\u00fc auf &#8220;Anwenderkurse&#8221;. Hinweis: Es wird eine \u00dcbersicht aller verf\u00fcgbaren [&hellip;]\" \/>\n<meta property=\"og:url\" content=\"https:\/\/catena-x.academy\/de\/faq\/\" \/>\n<meta property=\"og:site_name\" content=\"Catena-X Academy\" \/>\n<meta property=\"article:modified_time\" content=\"2025-06-12T07:11:40+00:00\" \/>\n<meta name=\"twitter:card\" content=\"summary_large_image\" \/>\n<meta name=\"twitter:label1\" content=\"Gesch\u00e4tzte Lesezeit\" \/>\n\t<meta name=\"twitter:data1\" content=\"2\u00a0Minuten\" \/>\n<script type=\"application\/ld+json\" class=\"yoast-schema-graph\">{\"@context\":\"https:\/\/schema.org\",\"@graph\":[{\"@type\":\"WebPage\",\"@id\":\"https:\/\/catena-x.academy\/de\/faq\/\",\"url\":\"https:\/\/catena-x.academy\/de\/faq\/\",\"name\":\"FAQ - Catena-X Academy\",\"isPartOf\":{\"@id\":\"https:\/\/catena-x.academy\/de\/#website\"},\"datePublished\":\"2023-07-31T13:13:17+00:00\",\"dateModified\":\"2025-06-12T07:11:40+00:00\",\"breadcrumb\":{\"@id\":\"https:\/\/catena-x.academy\/de\/faq\/#breadcrumb\"},\"inLanguage\":\"de\",\"potentialAction\":[{\"@type\":\"ReadAction\",\"target\":[\"https:\/\/catena-x.academy\/de\/faq\/\"]}]},{\"@type\":\"BreadcrumbList\",\"@id\":\"https:\/\/catena-x.academy\/de\/faq\/#breadcrumb\",\"itemListElement\":[{\"@type\":\"ListItem\",\"position\":1,\"name\":\"Startseite\",\"item\":\"https:\/\/catena-x.academy\/de\/\"},{\"@type\":\"ListItem\",\"position\":2,\"name\":\"FAQ\"}]},{\"@type\":\"WebSite\",\"@id\":\"https:\/\/catena-x.academy\/de\/#website\",\"url\":\"https:\/\/catena-x.academy\/de\/\",\"name\":\"Catena-X PCF Academy\",\"description\":\"\",\"publisher\":{\"@id\":\"https:\/\/catena-x.academy\/de\/#organization\"},\"potentialAction\":[{\"@type\":\"SearchAction\",\"target\":{\"@type\":\"EntryPoint\",\"urlTemplate\":\"https:\/\/catena-x.academy\/de\/?s={search_term_string}\"},\"query-input\":{\"@type\":\"PropertyValueSpecification\",\"valueRequired\":true,\"valueName\":\"search_term_string\"}}],\"inLanguage\":\"de\"},{\"@type\":\"Organization\",\"@id\":\"https:\/\/catena-x.academy\/de\/#organization\",\"name\":\"Catena-X PCF Academy\",\"url\":\"https:\/\/catena-x.academy\/de\/\",\"logo\":{\"@type\":\"ImageObject\",\"inLanguage\":\"de\",\"@id\":\"https:\/\/catena-x.academy\/de\/#\/schema\/logo\/image\/\",\"url\":\"https:\/\/catena-x.academy\/wp-content\/uploads\/2023\/07\/CX_Logo_mit_Claim_RGB_pos.svg\",\"contentUrl\":\"https:\/\/catena-x.academy\/wp-content\/uploads\/2023\/07\/CX_Logo_mit_Claim_RGB_pos.svg\",\"caption\":\"Catena-X PCF Academy\"},\"image\":{\"@id\":\"https:\/\/catena-x.academy\/de\/#\/schema\/logo\/image\/\"},\"sameAs\":[\"https:\/\/www.linkedin.com\/company\/catena-x\"]}]}<\/script>\n<!-- \/ Yoast SEO plugin. -->","yoast_head_json":{"title":"FAQ - Catena-X Academy","robots":{"index":"index","follow":"follow","max-snippet":"max-snippet:-1","max-image-preview":"max-image-preview:large","max-video-preview":"max-video-preview:-1"},"canonical":"https:\/\/catena-x.academy\/de\/faq\/","og_locale":"de_DE","og_type":"article","og_title":"FAQ - Catena-X Academy","og_description":"FAQ Welche technische Ausstattung ben\u00f6tige ich f\u00fcr die Durchf\u00fchrung der Kurse? Um die Kurse zu absolvieren, ben\u00f6tigen Sie eine Internetverbindung. F\u00fcr den Kurs \u201ePCF Basis Training\u201c ben\u00f6tigen Sie au\u00dferdem Lautsprecher oder Kopfh\u00f6rer. Welche Schritte muss ich befolgen, um an den Kursen teilzunehmen? Klicken Sie im Men\u00fc auf &#8220;Anwenderkurse&#8221;. Hinweis: Es wird eine \u00dcbersicht aller verf\u00fcgbaren [&hellip;]","og_url":"https:\/\/catena-x.academy\/de\/faq\/","og_site_name":"Catena-X Academy","article_modified_time":"2025-06-12T07:11:40+00:00","twitter_card":"summary_large_image","twitter_misc":{"Gesch\u00e4tzte Lesezeit":"2\u00a0Minuten"},"schema":{"@context":"https:\/\/schema.org","@graph":[{"@type":"WebPage","@id":"https:\/\/catena-x.academy\/de\/faq\/","url":"https:\/\/catena-x.academy\/de\/faq\/","name":"FAQ - Catena-X Academy","isPartOf":{"@id":"https:\/\/catena-x.academy\/de\/#website"},"datePublished":"2023-07-31T13:13:17+00:00","dateModified":"2025-06-12T07:11:40+00:00","breadcrumb":{"@id":"https:\/\/catena-x.academy\/de\/faq\/#breadcrumb"},"inLanguage":"de","potentialAction":[{"@type":"ReadAction","target":["https:\/\/catena-x.academy\/de\/faq\/"]}]},{"@type":"BreadcrumbList","@id":"https:\/\/catena-x.academy\/de\/faq\/#breadcrumb","itemListElement":[{"@type":"ListItem","position":1,"name":"Startseite","item":"https:\/\/catena-x.academy\/de\/"},{"@type":"ListItem","position":2,"name":"FAQ"}]},{"@type":"WebSite","@id":"https:\/\/catena-x.academy\/de\/#website","url":"https:\/\/catena-x.academy\/de\/","name":"Catena-X PCF Academy","description":"","publisher":{"@id":"https:\/\/catena-x.academy\/de\/#organization"},"potentialAction":[{"@type":"SearchAction","target":{"@type":"EntryPoint","urlTemplate":"https:\/\/catena-x.academy\/de\/?s={search_term_string}"},"query-input":{"@type":"PropertyValueSpecification","valueRequired":true,"valueName":"search_term_string"}}],"inLanguage":"de"},{"@type":"Organization","@id":"https:\/\/catena-x.academy\/de\/#organization","name":"Catena-X PCF Academy","url":"https:\/\/catena-x.academy\/de\/","logo":{"@type":"ImageObject","inLanguage":"de","@id":"https:\/\/catena-x.academy\/de\/#\/schema\/logo\/image\/","url":"https:\/\/catena-x.academy\/wp-content\/uploads\/2023\/07\/CX_Logo_mit_Claim_RGB_pos.svg","contentUrl":"https:\/\/catena-x.academy\/wp-content\/uploads\/2023\/07\/CX_Logo_mit_Claim_RGB_pos.svg","caption":"Catena-X PCF Academy"},"image":{"@id":"https:\/\/catena-x.academy\/de\/#\/schema\/logo\/image\/"},"sameAs":["https:\/\/www.linkedin.com\/company\/catena-x"]}]}},"_links":{"self":[{"href":"https:\/\/catena-x.academy\/de\/wp-json\/wp\/v2\/pages\/7802","targetHints":{"allow":["GET"]}}],"collection":[{"href":"https:\/\/catena-x.academy\/de\/wp-json\/wp\/v2\/pages"}],"about":[{"href":"https:\/\/catena-x.academy\/de\/wp-json\/wp\/v2\/types\/page"}],"author":[{"embeddable":true,"href":"https:\/\/catena-x.academy\/de\/wp-json\/wp\/v2\/users\/1"}],"replies":[{"embeddable":true,"href":"https:\/\/catena-x.academy\/de\/wp-json\/wp\/v2\/comments?post=7802"}],"version-history":[{"count":0,"href":"https:\/\/catena-x.academy\/de\/wp-json\/wp\/v2\/pages\/7802\/revisions"}],"wp:attachment":[{"href":"https:\/\/catena-x.academy\/de\/wp-json\/wp\/v2\/media?parent=7802"}],"curies":[{"name":"wp","href":"https:\/\/api.w.org\/{rel}","templated":true}]}}